{"id":5230,"date":"2021-06-14T21:06:22","date_gmt":"2021-06-14T21:06:22","guid":{"rendered":"https:\/\/www.bon.de\/?page_id=5230"},"modified":"2021-06-15T11:28:00","modified_gmt":"2021-06-15T11:28:00","slug":"career","status":"publish","type":"page","link":"https:\/\/sw-dl.bonoptic.de\/en\/career\/","title":{"rendered":"career"},"content":{"rendered":"<section class=\"wpb-content-wrapper\"><p>[vc_row][vc_column]<div class=\"page_top_section has_separate_title  \"><div class=\"page_top_section_container clearfix\"><div class=\"separate-title-top\"><h1>Career is a <strong>team game.<\/strong><\/h1><\/div><div class=\"page_top_section_content\"><div><p>In the bon team we are about 40 colleagues in the office and outside sales, who work together in a really great team spirit. We have been building up our specialists ourselves for many years. Because solid quality and competence are the most important prerequisites for the trust of our clients.<\/p>\n<\/div><\/div><div class=\"page_top_section_image\"><div class=\"image-background lazy-background\" data-src=\"https:\/\/sw-dl.bonoptic.de\/wp-content\/uploads\/2021\/06\/0465_1-90.jpg\"><\/div><\/div><div class=\"box_view_loader animate\"><\/div><\/div><\/div>[\/vc_column][\/vc_row][vc_row][vc_column][vc_row_inner][vc_column_inner width=&#8221;1\/2&#8243;][vc_column_text custom_options=&#8221;same_height_textbox&#8221; css=&#8221;.vc_custom_1623245218627{background-color: #26a0f8 !important;border-radius: 15px !important;}&#8221;]Wir suchen zur Festeinstellung als Erg\u00e4nzung \/ Erweiterung unseres technischen In House Teams zu sofort eine\/n<\/p>\n<h2>Werkstatt-Techniker\/-in (m\/w\/d)<\/h2>\n<p>Zu Ihren Aufgaben z\u00e4hlen die Reparatur und Montage von optischen Diagnostikger\u00e4ten und augen\u00e4rztlichen Untersuchungseinheiten.<\/p>\n<p><strong>Erforderliche Kenntnisse:<\/strong><\/p>\n<ul>\n<li>eine abgeschlossene Ausbildung in einem Elektroberuf (z.B.Informationstechniker, Elektroniker f\u00fcr Ger\u00e4te und Systeme oder Elektrotechniker mit Elektronikp\u00e4ssen)<\/li>\n<li>IT-Kenntnisse im Hard- und Softwarebereich (Windows 10)<\/li>\n<li>F\u00e4higkeiten in der Fehleranalyse im Bereich Elektronik und Schaltungsmessungen<\/li>\n<li>geschickter Umgang in den Bereichen Feinmechanik und Optik (Erfahrungen auf diesen Gebieten sind von Vorteil)<\/li>\n<li>Englischkenntnisse in Wort und Schrift<\/li>\n<\/ul>\n<p>Wir bieten Ihnen einen sicheren, zukunftsorientierten Arbeitsplatz in einem modernen Unternehmen, in dem sich Leistung und Spa\u00df an der Arbeit nicht widersprechen.<\/p>\n<p>Wenn Sie mit uns gemeinsam am Erfolg arbeiten wollen, senden Sie Ihre aussagekr\u00e4ftige Bewerbung (bitte nur per E-Mail) an: <a href=\"mailto:jobs@sw-dl.bon.de\">jobs@sw-dl.bon.de<\/a>[\/vc_column_text][\/vc_column_inner][vc_column_inner width=&#8221;1\/2&#8243;][\/vc_column_inner][\/vc_row_inner][\/vc_column][\/vc_row]<\/p>\n<\/section>","protected":false},"excerpt":{"rendered":"<p>[vc_row][vc_column][\/vc_column][\/vc_row][vc_row][vc_column][vc_row_inner][vc_column_inner width=&#8221;1\/2&#8243;][vc_column_text custom_options=&#8221;same_height_textbox&#8221; css=&#8221;.vc_custom_1623245218627{background-color: #26a0f8 !important;border-radius: 15px !important;}&#8221;]Wir suchen zur Festeinstellung als Erg\u00e4nzung \/ Erweiterung unseres technischen In House Teams zu sofort eine\/n Werkstatt-Techniker\/-in (m\/w\/d) Zu Ihren Aufgaben z\u00e4hlen die Reparatur und Montage von optischen Diagnostikger\u00e4ten und augen\u00e4rztlichen Untersuchungseinheiten. Erforderliche Kenntnisse: eine abgeschlossene Ausbildung in einem Elektroberuf (z.B.Informationstechniker, Elektroniker f\u00fcr Ger\u00e4te und Systeme oder Elektrotechniker [&hellip;]<\/p>\n","protected":false},"author":4,"featured_media":0,"parent":0,"menu_order":0,"comment_status":"closed","ping_status":"closed","template":"","meta":{"footnotes":""},"class_list":["post-5230","page","type-page","status-publish","hentry"],"acf":[],"_links":{"self":[{"href":"https:\/\/sw-dl.bonoptic.de\/en\/wp-json\/wp\/v2\/pages\/5230","targetHints":{"allow":["GET"]}}],"collection":[{"href":"https:\/\/sw-dl.bonoptic.de\/en\/wp-json\/wp\/v2\/pages"}],"about":[{"href":"https:\/\/sw-dl.bonoptic.de\/en\/wp-json\/wp\/v2\/types\/page"}],"author":[{"embeddable":true,"href":"https:\/\/sw-dl.bonoptic.de\/en\/wp-json\/wp\/v2\/users\/4"}],"replies":[{"embeddable":true,"href":"https:\/\/sw-dl.bonoptic.de\/en\/wp-json\/wp\/v2\/comments?post=5230"}],"version-history":[{"count":3,"href":"https:\/\/sw-dl.bonoptic.de\/en\/wp-json\/wp\/v2\/pages\/5230\/revisions"}],"predecessor-version":[{"id":5285,"href":"https:\/\/sw-dl.bonoptic.de\/en\/wp-json\/wp\/v2\/pages\/5230\/revisions\/5285"}],"wp:attachment":[{"href":"https:\/\/sw-dl.bonoptic.de\/en\/wp-json\/wp\/v2\/media?parent=5230"}],"curies":[{"name":"wp","href":"https:\/\/api.w.org\/{rel}","templated":true}]}}